{"id":309,"date":"2025-03-24T22:07:30","date_gmt":"2025-03-24T20:07:30","guid":{"rendered":"http:\/\/escacsmollerussa.cat\/?page_id=309"},"modified":"2025-03-30T13:12:45","modified_gmt":"2025-03-30T11:12:45","slug":"circuit-enrocat","status":"publish","type":"page","link":"https:\/\/escacsmollerussa.cat\/index.php\/circuit-enrocat\/","title":{"rendered":"Circuit EnroCA&#8217;T"},"content":{"rendered":"<div class=\"wp-block-image\">\n<figure class=\"aligncenter size-large is-resized\"><img loading=\"lazy\" decoding=\"async\" width=\"1024\" height=\"769\" src=\"https:\/\/escacsmollerussa.cat\/wp-content\/uploads\/2025\/03\/EnroCAT-Palau-Sala-de-joc-1024x769.jpg\" alt=\"\" class=\"wp-image-540\" style=\"width:534px;height:auto\" srcset=\"https:\/\/escacsmollerussa.cat\/wp-content\/uploads\/2025\/03\/EnroCAT-Palau-Sala-de-joc-1024x769.jpg 1024w, https:\/\/escacsmollerussa.cat\/wp-content\/uploads\/2025\/03\/EnroCAT-Palau-Sala-de-joc-300x225.jpg 300w, https:\/\/escacsmollerussa.cat\/wp-content\/uploads\/2025\/03\/EnroCAT-Palau-Sala-de-joc-768x576.jpg 768w, https:\/\/escacsmollerussa.cat\/wp-content\/uploads\/2025\/03\/EnroCAT-Palau-Sala-de-joc-1536x1153.jpg 1536w, https:\/\/escacsmollerussa.cat\/wp-content\/uploads\/2025\/03\/EnroCAT-Palau-Sala-de-joc.jpg 1600w\" sizes=\"auto, (max-width: 706px) 89vw, (max-width: 767px) 82vw, 740px\" \/><\/figure>\n<\/div>\n\n\n<p>L\u2019objectiu del Circuit EnroCA&#8217;T <strong>\u00e9s la promoci\u00f3 dels escacs entre els m\u00e9s petits (des de 6 anys fins als 16)<\/strong> per dotar d&#8217;un entorn de competici\u00f3 sana i divertida en els primers moment en que s&#8217;introdueixen en el joc.<\/p>\n\n\n\n<p>Es fa divulgaci\u00f3 <strong>a tota la comarca del Pla d\u2019Urgell <\/strong>per aix\u00f2 es van fer les jornades en localitats diferents de la comarca.<\/p>\n\n\n\n<p>El format consisteix en una competici\u00f3 individual i per equips escolars.<\/p>\n\n\n\n<p>En cada jornada es fan 7 partides a ritme r\u00e0pid (5 minuts inicial amb 3 segons d&#8217;increment per jugada). Es donen trofeus al Campi\u00f3 i Sotscampi\u00f3 en 5 categories (prebenjam\u00ed, benjam\u00ed, alev\u00ed, infantil i cadet) i medalles a tots els participants.<\/p>\n\n\n\n<p>Hi han premis consolidats al finalitzar el circuit de 8 jornades d\u2019escacs que es fan durant tot el curs escolar en una jornada cada mes del curs.<\/p>\n\n\n\n<p>El Circuit \u00e9s una activitat realitzada amb la col\u00b7laboraci\u00f3 del <strong>Consell Esportiu del Pla d&#8217;Urgell.<\/strong><\/p>\n\n\n<div class=\"wp-block-image\">\n<figure class=\"aligncenter size-full is-resized\"><img decoding=\"async\" src=\"https:\/\/escacsmollerussa.cat\/wp-content\/uploads\/2025\/03\/logoconsell.png\" alt=\"\" class=\"wp-image-529\" style=\"width:135px;height:auto\"\/><\/figure>\n<\/div>\n\n\n<p><\/p>\n","protected":false},"excerpt":{"rendered":"<p>L\u2019objectiu del Circuit EnroCA&#8217;T \u00e9s la promoci\u00f3 dels escacs entre els m\u00e9s petits (des de 6 anys fins als 16) per dotar d&#8217;un entorn de competici\u00f3 sana i divertida en els primers moment en que s&#8217;introdueixen en el joc. Es fa divulgaci\u00f3 a tota la comarca del Pla d\u2019Urgell per aix\u00f2 es van fer les &hellip; <\/p>\n<p class=\"link-more\"><a href=\"https:\/\/escacsmollerussa.cat\/index.php\/circuit-enrocat\/\" class=\"more-link\">Continua llegint <span class=\"screen-reader-text\">\u00abCircuit EnroCA&#8217;T\u00bb<\/span><\/a><\/p>\n","protected":false},"author":1,"featured_media":0,"parent":0,"menu_order":0,"comment_status":"closed","ping_status":"closed","template":"","meta":{"footnotes":""},"class_list":["post-309","page","type-page","status-publish","hentry"],"_links":{"self":[{"href":"https:\/\/escacsmollerussa.cat\/index.php\/wp-json\/wp\/v2\/pages\/309","targetHints":{"allow":["GET"]}}],"collection":[{"href":"https:\/\/escacsmollerussa.cat\/index.php\/wp-json\/wp\/v2\/pages"}],"about":[{"href":"https:\/\/escacsmollerussa.cat\/index.php\/wp-json\/wp\/v2\/types\/page"}],"author":[{"embeddable":true,"href":"https:\/\/escacsmollerussa.cat\/index.php\/wp-json\/wp\/v2\/users\/1"}],"replies":[{"embeddable":true,"href":"https:\/\/escacsmollerussa.cat\/index.php\/wp-json\/wp\/v2\/comments?post=309"}],"version-history":[{"count":5,"href":"https:\/\/escacsmollerussa.cat\/index.php\/wp-json\/wp\/v2\/pages\/309\/revisions"}],"predecessor-version":[{"id":541,"href":"https:\/\/escacsmollerussa.cat\/index.php\/wp-json\/wp\/v2\/pages\/309\/revisions\/541"}],"wp:attachment":[{"href":"https:\/\/escacsmollerussa.cat\/index.php\/wp-json\/wp\/v2\/media?parent=309"}],"curies":[{"name":"wp","href":"https:\/\/api.w.org\/{rel}","templated":true}]}}