{"id":370,"date":"2025-03-29T09:26:11","date_gmt":"2025-03-29T07:26:11","guid":{"rendered":"http:\/\/escacsmollerussa.cat\/?page_id=370"},"modified":"2025-04-24T12:02:47","modified_gmt":"2025-04-24T10:02:47","slug":"competicions","status":"publish","type":"page","link":"https:\/\/escacsmollerussa.cat\/index.php\/competicions\/","title":{"rendered":"Competicions"},"content":{"rendered":"\n<p>Aqu\u00ed trobareu les competicions m\u00e9s destacades del nostre entorn.<br>Clica a cada element del men\u00fa per tenir m\u00e9s informaci\u00f3.<\/p>\n","protected":false},"excerpt":{"rendered":"<p>Aqu\u00ed trobareu les competicions m\u00e9s destacades del nostre entorn.Clica a cada element del men\u00fa per tenir m\u00e9s informaci\u00f3.<\/p>\n","protected":false},"author":1,"featured_media":0,"parent":0,"menu_order":0,"comment_status":"closed","ping_status":"closed","template":"","meta":{"footnotes":""},"class_list":["post-370","page","type-page","status-publish","hentry"],"_links":{"self":[{"href":"https:\/\/escacsmollerussa.cat\/index.php\/wp-json\/wp\/v2\/pages\/370","targetHints":{"allow":["GET"]}}],"collection":[{"href":"https:\/\/escacsmollerussa.cat\/index.php\/wp-json\/wp\/v2\/pages"}],"about":[{"href":"https:\/\/escacsmollerussa.cat\/index.php\/wp-json\/wp\/v2\/types\/page"}],"author":[{"embeddable":true,"href":"https:\/\/escacsmollerussa.cat\/index.php\/wp-json\/wp\/v2\/users\/1"}],"replies":[{"embeddable":true,"href":"https:\/\/escacsmollerussa.cat\/index.php\/wp-json\/wp\/v2\/comments?post=370"}],"version-history":[{"count":2,"href":"https:\/\/escacsmollerussa.cat\/index.php\/wp-json\/wp\/v2\/pages\/370\/revisions"}],"predecessor-version":[{"id":851,"href":"https:\/\/escacsmollerussa.cat\/index.php\/wp-json\/wp\/v2\/pages\/370\/revisions\/851"}],"wp:attachment":[{"href":"https:\/\/escacsmollerussa.cat\/index.php\/wp-json\/wp\/v2\/media?parent=370"}],"curies":[{"name":"wp","href":"https:\/\/api.w.org\/{rel}","templated":true}]}}