{"id":386,"date":"2025-03-29T10:07:21","date_gmt":"2025-03-29T08:07:21","guid":{"rendered":"http:\/\/escacsmollerussa.cat\/?page_id=386"},"modified":"2025-03-29T12:28:36","modified_gmt":"2025-03-29T10:28:36","slug":"noticies","status":"publish","type":"page","link":"https:\/\/escacsmollerussa.cat\/","title":{"rendered":"Novetats"},"content":{"rendered":"<ul style=\"font-size:16px;\" class=\"wp-block-latest-posts__list is-grid columns-2 has-dates alignleft wp-block-latest-posts\"><li><div class=\"wp-block-latest-posts__featured-image\"><img loading=\"lazy\" decoding=\"async\" width=\"525\" height=\"698\" src=\"https:\/\/escacsmollerussa.cat\/wp-content\/uploads\/2026\/04\/imatge-1.png\" class=\"attachment-large size-large wp-post-image\" alt=\"\" style=\"\" srcset=\"https:\/\/escacsmollerussa.cat\/wp-content\/uploads\/2026\/04\/imatge-1.png 566w, https:\/\/escacsmollerussa.cat\/wp-content\/uploads\/2026\/04\/imatge-1-226x300.png 226w\" sizes=\"auto, 100vw\" \/><\/div><a class=\"wp-block-latest-posts__post-title\" href=\"https:\/\/escacsmollerussa.cat\/index.php\/2026\/04\/19\/laia-bosch-al-mundial-de-rapides-i-blitz\/\">Laia Bosch, al Mundial de R\u00e0pides i Blitz<\/a><time datetime=\"2026-04-19T11:26:10+02:00\" class=\"wp-block-latest-posts__post-date\">19 d&#8217;abril de 2026<\/time><div class=\"wp-block-latest-posts__post-excerpt\">Aquests dies, entre el 14 i el 21 d&#8217;abril, s&#8217;est\u00e0 jugant a S\u00e8rbia el Campionat del M\u00f3n de R\u00e0pides i Blitz per edats.La Laia hi ha anat amb la Delegaci\u00f3 &hellip; <p class=\"link-more\"><a href=\"https:\/\/escacsmollerussa.cat\/index.php\/2026\/04\/19\/laia-bosch-al-mundial-de-rapides-i-blitz\/\" class=\"more-link\">Continua llegint <span class=\"screen-reader-text\">\u00abLaia Bosch, al Mundial de R\u00e0pides i Blitz\u00bb<\/span><\/a><\/p><\/div><\/li>\n<li><div class=\"wp-block-latest-posts__featured-image\"><img loading=\"lazy\" decoding=\"async\" width=\"525\" height=\"394\" src=\"https:\/\/escacsmollerussa.cat\/wp-content\/uploads\/2026\/04\/tots-1024x768.jpeg\" class=\"attachment-large size-large wp-post-image\" alt=\"\" style=\"\" srcset=\"https:\/\/escacsmollerussa.cat\/wp-content\/uploads\/2026\/04\/tots-1024x768.jpeg 1024w, https:\/\/escacsmollerussa.cat\/wp-content\/uploads\/2026\/04\/tots-300x225.jpeg 300w, https:\/\/escacsmollerussa.cat\/wp-content\/uploads\/2026\/04\/tots-768x576.jpeg 768w, https:\/\/escacsmollerussa.cat\/wp-content\/uploads\/2026\/04\/tots-1536x1152.jpeg 1536w, https:\/\/escacsmollerussa.cat\/wp-content\/uploads\/2026\/04\/tots.jpeg 1600w\" sizes=\"auto, 100vw\" \/><\/div><a class=\"wp-block-latest-posts__post-title\" href=\"https:\/\/escacsmollerussa.cat\/index.php\/2026\/04\/04\/campionat-de-catalunya-dedats-2026\/\">Campionat de Catalunya d&#8217;Edats 2026<\/a><time datetime=\"2026-04-04T13:06:26+02:00\" class=\"wp-block-latest-posts__post-date\">4 d&#8217;abril de 2026<\/time><div class=\"wp-block-latest-posts__post-excerpt\">Com cada any, els dies de vacances escolars de Setmana Santa han estat els escollits per la Federaci\u00f3 Catalana d&#8217;Escacs per disputar el Campionat Individual d&#8217;Edats de les categories Sub-8 &hellip; <p class=\"link-more\"><a href=\"https:\/\/escacsmollerussa.cat\/index.php\/2026\/04\/04\/campionat-de-catalunya-dedats-2026\/\" class=\"more-link\">Continua llegint <span class=\"screen-reader-text\">\u00abCampionat de Catalunya d&#8217;Edats 2026\u00bb<\/span><\/a><\/p><\/div><\/li>\n<li><div class=\"wp-block-latest-posts__featured-image\"><img loading=\"lazy\" decoding=\"async\" width=\"525\" height=\"743\" src=\"https:\/\/escacsmollerussa.cat\/wp-content\/uploads\/2026\/03\/EnroCAT-Sense-Barreres-724x1024.jpeg\" class=\"attachment-large size-large wp-post-image\" alt=\"\" style=\"\" srcset=\"https:\/\/escacsmollerussa.cat\/wp-content\/uploads\/2026\/03\/EnroCAT-Sense-Barreres-724x1024.jpeg 724w, https:\/\/escacsmollerussa.cat\/wp-content\/uploads\/2026\/03\/EnroCAT-Sense-Barreres-212x300.jpeg 212w, https:\/\/escacsmollerussa.cat\/wp-content\/uploads\/2026\/03\/EnroCAT-Sense-Barreres-768x1086.jpeg 768w, https:\/\/escacsmollerussa.cat\/wp-content\/uploads\/2026\/03\/EnroCAT-Sense-Barreres-1086x1536.jpeg 1086w, https:\/\/escacsmollerussa.cat\/wp-content\/uploads\/2026\/03\/EnroCAT-Sense-Barreres.jpeg 1131w\" sizes=\"auto, 100vw\" \/><\/div><a class=\"wp-block-latest-posts__post-title\" href=\"https:\/\/escacsmollerussa.cat\/index.php\/2026\/03\/15\/enrocat-sense-barreres\/\">EnroCA\u2019T Sense Barreres<\/a><time datetime=\"2026-03-15T22:06:54+02:00\" class=\"wp-block-latest-posts__post-date\">15 de mar\u00e7 de 2026<\/time><div class=\"wp-block-latest-posts__post-excerpt\">El proper dissabte 18\/abril pel mat\u00ed a Mollerussa es far\u00e0 una jornada especial de l\u2019EnroCA\u2019T on obrim la participaci\u00f3 a tothom que vulgui jugar, ja que volem que sigui un &hellip; <p class=\"link-more\"><a href=\"https:\/\/escacsmollerussa.cat\/index.php\/2026\/03\/15\/enrocat-sense-barreres\/\" class=\"more-link\">Continua llegint <span class=\"screen-reader-text\">\u00abEnroCA\u2019T Sense Barreres\u00bb<\/span><\/a><\/p><\/div><\/li>\n<li><a class=\"wp-block-latest-posts__post-title\" href=\"https:\/\/escacsmollerussa.cat\/index.php\/2026\/03\/03\/campionats-de-lleida-dedats\/\">Campionats de Lleida d&#8217;Edats<\/a><time datetime=\"2026-03-03T21:55:43+02:00\" class=\"wp-block-latest-posts__post-date\">3 de mar\u00e7 de 2026<\/time><div class=\"wp-block-latest-posts__post-excerpt\">Aquesta setmana s&#8217;han acabat els Campionats d&#8217;Edats de la Territorial de Lleida.S&#8217;ha jugat des del 17 de gener, fins al 28 de febrer, a Sidamon, sota l&#8217;organitzaci\u00f3 del nostre Club, &hellip; <p class=\"link-more\"><a href=\"https:\/\/escacsmollerussa.cat\/index.php\/2026\/03\/03\/campionats-de-lleida-dedats\/\" class=\"more-link\">Continua llegint <span class=\"screen-reader-text\">\u00abCampionats de Lleida d&#8217;Edats\u00bb<\/span><\/a><\/p><\/div><\/li>\n<li><div class=\"wp-block-latest-posts__featured-image\"><img loading=\"lazy\" decoding=\"async\" width=\"525\" height=\"295\" src=\"https:\/\/escacsmollerussa.cat\/wp-content\/uploads\/2026\/01\/1.CE_.Mollerussa-1-1024x576.jpeg\" class=\"attachment-large size-large wp-post-image\" alt=\"\" style=\"\" srcset=\"https:\/\/escacsmollerussa.cat\/wp-content\/uploads\/2026\/01\/1.CE_.Mollerussa-1-1024x576.jpeg 1024w, https:\/\/escacsmollerussa.cat\/wp-content\/uploads\/2026\/01\/1.CE_.Mollerussa-1-300x169.jpeg 300w, https:\/\/escacsmollerussa.cat\/wp-content\/uploads\/2026\/01\/1.CE_.Mollerussa-1-768x432.jpeg 768w, https:\/\/escacsmollerussa.cat\/wp-content\/uploads\/2026\/01\/1.CE_.Mollerussa-1-1536x864.jpeg 1536w, https:\/\/escacsmollerussa.cat\/wp-content\/uploads\/2026\/01\/1.CE_.Mollerussa-1.jpeg 1600w\" sizes=\"auto, 100vw\" \/><\/div><a class=\"wp-block-latest-posts__post-title\" href=\"https:\/\/escacsmollerussa.cat\/index.php\/2026\/01\/20\/un-any-mes-campions-de-copa\/\">Un any m\u00e9s, Campions de Copa!!<\/a><time datetime=\"2026-01-20T21:43:23+02:00\" class=\"wp-block-latest-posts__post-date\">20 de gener de 2026<\/time><div class=\"wp-block-latest-posts__post-excerpt\">11 de Gener, primera competici\u00f3 de l&#8217;any&#8230; Copa Catalana Territorial de Lleida 2026, a Bellpuig.Hi s\u00f3n convocats fins a 45 jugadors, per omplir els 11 equips que presentem en aquesta &hellip; <p class=\"link-more\"><a href=\"https:\/\/escacsmollerussa.cat\/index.php\/2026\/01\/20\/un-any-mes-campions-de-copa\/\" class=\"more-link\">Continua llegint <span class=\"screen-reader-text\">\u00abUn any m\u00e9s, Campions de Copa!!\u00bb<\/span><\/a><\/p><\/div><\/li>\n<li><div class=\"wp-block-latest-posts__featured-image\"><img loading=\"lazy\" decoding=\"async\" width=\"525\" height=\"394\" src=\"https:\/\/escacsmollerussa.cat\/wp-content\/uploads\/2026\/01\/laia-catalunya-1024x768.jpeg\" class=\"attachment-large size-large wp-post-image\" alt=\"\" style=\"\" srcset=\"https:\/\/escacsmollerussa.cat\/wp-content\/uploads\/2026\/01\/laia-catalunya-1024x768.jpeg 1024w, https:\/\/escacsmollerussa.cat\/wp-content\/uploads\/2026\/01\/laia-catalunya-300x225.jpeg 300w, https:\/\/escacsmollerussa.cat\/wp-content\/uploads\/2026\/01\/laia-catalunya-768x576.jpeg 768w, https:\/\/escacsmollerussa.cat\/wp-content\/uploads\/2026\/01\/laia-catalunya-1536x1152.jpeg 1536w, https:\/\/escacsmollerussa.cat\/wp-content\/uploads\/2026\/01\/laia-catalunya.jpeg 2048w\" sizes=\"auto, 100vw\" \/><\/div><a class=\"wp-block-latest-posts__post-title\" href=\"https:\/\/escacsmollerussa.cat\/index.php\/2026\/01\/13\/exits-de-la-laia-bosch-per-acabar-lany\/\">\u00c8xits de la Laia Bosch per acabar l&#8217;any<\/a><time datetime=\"2026-01-13T21:48:06+02:00\" class=\"wp-block-latest-posts__post-date\">13 de gener de 2026<\/time><div class=\"wp-block-latest-posts__post-excerpt\">Un nou any ha comen\u00e7at, i amb ell arranquem amb les competicions t\u00edpiques d&#8217;una nova temporada (Copa Territorial, Lliga, Campionats provincials d&#8217;Edats, etc). Per\u00f2 no vol\u00edem comen\u00e7ar el nou any &hellip; <p class=\"link-more\"><a href=\"https:\/\/escacsmollerussa.cat\/index.php\/2026\/01\/13\/exits-de-la-laia-bosch-per-acabar-lany\/\" class=\"more-link\">Continua llegint <span class=\"screen-reader-text\">\u00ab\u00c8xits de la Laia Bosch per acabar l&#8217;any\u00bb<\/span><\/a><\/p><\/div><\/li>\n<li><div class=\"wp-block-latest-posts__featured-image\"><img loading=\"lazy\" decoding=\"async\" width=\"525\" height=\"622\" src=\"https:\/\/escacsmollerussa.cat\/wp-content\/uploads\/2025\/12\/Captura-de-pantalla-2025-12-02-205814.jpg\" class=\"attachment-large size-large wp-post-image\" alt=\"\" style=\"\" srcset=\"https:\/\/escacsmollerussa.cat\/wp-content\/uploads\/2025\/12\/Captura-de-pantalla-2025-12-02-205814.jpg 672w, https:\/\/escacsmollerussa.cat\/wp-content\/uploads\/2025\/12\/Captura-de-pantalla-2025-12-02-205814-253x300.jpg 253w\" sizes=\"auto, 100vw\" \/><\/div><a class=\"wp-block-latest-posts__post-title\" href=\"https:\/\/escacsmollerussa.cat\/index.php\/2025\/12\/02\/finalitza-labsolut-individual-de-lleida-2025\/\">Finalitza l&#8217;Absolut Individual de Lleida 2025<\/a><time datetime=\"2025-12-02T21:51:17+02:00\" class=\"wp-block-latest-posts__post-date\">2 de desembre de 2025<\/time><div class=\"wp-block-latest-posts__post-excerpt\">Al Centre C\u00edvic Orvepard, seu del Club Escacs Pardinyes, sota la direcci\u00f3 del torneig del Delegat Territorial Josep Brunet i els membres del C.E. Pardinyes, i amb l&#8217;arbitratge del company &hellip; <p class=\"link-more\"><a href=\"https:\/\/escacsmollerussa.cat\/index.php\/2025\/12\/02\/finalitza-labsolut-individual-de-lleida-2025\/\" class=\"more-link\">Continua llegint <span class=\"screen-reader-text\">\u00abFinalitza l&#8217;Absolut Individual de Lleida 2025\u00bb<\/span><\/a><\/p><\/div><\/li>\n<li><a class=\"wp-block-latest-posts__post-title\" href=\"https:\/\/escacsmollerussa.cat\/index.php\/2025\/11\/11\/campionat-de-lleida-grup-promocio\/\">Campionat de Lleida &#8211; Grup Promoci\u00f3<\/a><time datetime=\"2025-11-11T21:43:48+02:00\" class=\"wp-block-latest-posts__post-date\">11 de novembre de 2025<\/time><div class=\"wp-block-latest-posts__post-excerpt\">Com d\u00e8iem en l&#8217;entrada anterior (Campionat Absolut Lleida) s&#8217;est\u00e0 jugant a Pardinyes el campionat Absolut de Lleida, i aquesta setmana passada va comen\u00e7ar el Grup de Promoci\u00f3. Aquest est\u00e0 destinat &hellip; <p class=\"link-more\"><a href=\"https:\/\/escacsmollerussa.cat\/index.php\/2025\/11\/11\/campionat-de-lleida-grup-promocio\/\" class=\"more-link\">Continua llegint <span class=\"screen-reader-text\">\u00abCampionat de Lleida &#8211; Grup Promoci\u00f3\u00bb<\/span><\/a><\/p><\/div><\/li>\n<\/ul>","protected":false},"excerpt":{"rendered":"","protected":false},"author":1,"featured_media":0,"parent":0,"menu_order":0,"comment_status":"closed","ping_status":"closed","template":"","meta":{"footnotes":""},"class_list":["post-386","page","type-page","status-publish","hentry"],"_links":{"self":[{"href":"https:\/\/escacsmollerussa.cat\/index.php\/wp-json\/wp\/v2\/pages\/386","targetHints":{"allow":["GET"]}}],"collection":[{"href":"https:\/\/escacsmollerussa.cat\/index.php\/wp-json\/wp\/v2\/pages"}],"about":[{"href":"https:\/\/escacsmollerussa.cat\/index.php\/wp-json\/wp\/v2\/types\/page"}],"author":[{"embeddable":true,"href":"https:\/\/escacsmollerussa.cat\/index.php\/wp-json\/wp\/v2\/users\/1"}],"replies":[{"embeddable":true,"href":"https:\/\/escacsmollerussa.cat\/index.php\/wp-json\/wp\/v2\/comments?post=386"}],"version-history":[{"count":15,"href":"https:\/\/escacsmollerussa.cat\/index.php\/wp-json\/wp\/v2\/pages\/386\/revisions"}],"predecessor-version":[{"id":453,"href":"https:\/\/escacsmollerussa.cat\/index.php\/wp-json\/wp\/v2\/pages\/386\/revisions\/453"}],"wp:attachment":[{"href":"https:\/\/escacsmollerussa.cat\/index.php\/wp-json\/wp\/v2\/media?parent=386"}],"curies":[{"name":"wp","href":"https:\/\/api.w.org\/{rel}","templated":true}]}}