{"id":432,"date":"2025-03-29T12:05:13","date_gmt":"2025-03-29T10:05:13","guid":{"rendered":"http:\/\/escacsmollerussa.cat\/?page_id=432"},"modified":"2025-04-24T12:03:42","modified_gmt":"2025-04-24T10:03:42","slug":"noticies-2","status":"publish","type":"page","link":"https:\/\/escacsmollerussa.cat\/index.php\/noticies-2\/","title":{"rendered":"Not\u00edcies"},"content":{"rendered":"\n<p>Secci\u00f3 de Not\u00edcies.<br>Clica a cada element del men\u00fa per veure&#8217;n el contingut.<\/p>\n","protected":false},"excerpt":{"rendered":"<p>Secci\u00f3 de Not\u00edcies.Clica a cada element del men\u00fa per veure&#8217;n el contingut.<\/p>\n","protected":false},"author":1,"featured_media":0,"parent":0,"menu_order":0,"comment_status":"closed","ping_status":"closed","template":"","meta":{"footnotes":""},"class_list":["post-432","page","type-page","status-publish","hentry"],"_links":{"self":[{"href":"https:\/\/escacsmollerussa.cat\/index.php\/wp-json\/wp\/v2\/pages\/432","targetHints":{"allow":["GET"]}}],"collection":[{"href":"https:\/\/escacsmollerussa.cat\/index.php\/wp-json\/wp\/v2\/pages"}],"about":[{"href":"https:\/\/escacsmollerussa.cat\/index.php\/wp-json\/wp\/v2\/types\/page"}],"author":[{"embeddable":true,"href":"https:\/\/escacsmollerussa.cat\/index.php\/wp-json\/wp\/v2\/users\/1"}],"replies":[{"embeddable":true,"href":"https:\/\/escacsmollerussa.cat\/index.php\/wp-json\/wp\/v2\/comments?post=432"}],"version-history":[{"count":3,"href":"https:\/\/escacsmollerussa.cat\/index.php\/wp-json\/wp\/v2\/pages\/432\/revisions"}],"predecessor-version":[{"id":853,"href":"https:\/\/escacsmollerussa.cat\/index.php\/wp-json\/wp\/v2\/pages\/432\/revisions\/853"}],"wp:attachment":[{"href":"https:\/\/escacsmollerussa.cat\/index.php\/wp-json\/wp\/v2\/media?parent=432"}],"curies":[{"name":"wp","href":"https:\/\/api.w.org\/{rel}","templated":true}]}}