{"id":489,"date":"2025-03-30T11:38:35","date_gmt":"2025-03-30T09:38:35","guid":{"rendered":"http:\/\/escacsmollerussa.cat\/?page_id=489"},"modified":"2025-03-30T13:03:50","modified_gmt":"2025-03-30T11:03:50","slug":"qui-som-2","status":"publish","type":"page","link":"https:\/\/escacsmollerussa.cat\/index.php\/qui-som-2\/","title":{"rendered":"Qui som?"},"content":{"rendered":"\n<p><\/p>\n\n\n\n<figure class=\"wp-block-image size-large\"><img loading=\"lazy\" decoding=\"async\" width=\"1024\" height=\"623\" src=\"https:\/\/escacsmollerussa.cat\/wp-content\/uploads\/2025\/03\/Copa-Catalana-2025-1024x623.jpg\" alt=\"\" class=\"wp-image-490\" srcset=\"https:\/\/escacsmollerussa.cat\/wp-content\/uploads\/2025\/03\/Copa-Catalana-2025-1024x623.jpg 1024w, https:\/\/escacsmollerussa.cat\/wp-content\/uploads\/2025\/03\/Copa-Catalana-2025-300x183.jpg 300w, https:\/\/escacsmollerussa.cat\/wp-content\/uploads\/2025\/03\/Copa-Catalana-2025-768x467.jpg 768w, https:\/\/escacsmollerussa.cat\/wp-content\/uploads\/2025\/03\/Copa-Catalana-2025.jpg 1535w\" sizes=\"auto, (max-width: 706px) 89vw, (max-width: 767px) 82vw, 740px\" \/><\/figure>\n\n\n\n<p>El Club d\u2019Escacs Mollerussa <strong>es va fundar l\u201911 de juny de 1979<\/strong>.<\/p>\n\n\n\n<p>Som una entitat sense \u00e0nim de lucre amb l\u2019<strong>objectiu de fomentar la participaci\u00f3 de les competicions esportives d\u2019escacs <\/strong>dels seus associats i de la promoci\u00f3 dels escacs en tots els seus \u00e0mbits (escola, societat, gent gran, &#8230;)<\/p>\n\n\n\n<p>Entitat afiliada a la Federaci\u00f3 Catalana d\u2019Escacs <\/p>\n\n\n\n<p>Inscrita en el Registre d\u2019Entitats Esportives de la Generalitat amb el n\u00famero 07157<\/p>\n\n\n\n<p>El local social i de joc est\u00e0 situat dins del les<strong> instal\u00b7lacions de L\u2019Amistat de Mollerussa accedint pel carrer Ciutat de Lleida 1, 2a planta<\/strong>.<\/p>\n\n\n\n<p>En aquest temporada tenim 76 llic\u00e8ncies federatives: 30 llic\u00e8ncies s\u00e8niors (1 F\u00e8mina) i 46 llic\u00e8ncies de menors de 18 anys (5 F\u00e8mines)<\/p>\n","protected":false},"excerpt":{"rendered":"<p>El Club d\u2019Escacs Mollerussa es va fundar l\u201911 de juny de 1979. Som una entitat sense \u00e0nim de lucre amb l\u2019objectiu de fomentar la participaci\u00f3 de les competicions esportives d\u2019escacs dels seus associats i de la promoci\u00f3 dels escacs en tots els seus \u00e0mbits (escola, societat, gent gran, &#8230;) Entitat afiliada a la Federaci\u00f3 Catalana &hellip; <\/p>\n<p class=\"link-more\"><a href=\"https:\/\/escacsmollerussa.cat\/index.php\/qui-som-2\/\" class=\"more-link\">Continua llegint <span class=\"screen-reader-text\">\u00abQui som?\u00bb<\/span><\/a><\/p>\n","protected":false},"author":1,"featured_media":0,"parent":0,"menu_order":0,"comment_status":"closed","ping_status":"closed","template":"","meta":{"footnotes":""},"class_list":["post-489","page","type-page","status-publish","hentry"],"_links":{"self":[{"href":"https:\/\/escacsmollerussa.cat\/index.php\/wp-json\/wp\/v2\/pages\/489","targetHints":{"allow":["GET"]}}],"collection":[{"href":"https:\/\/escacsmollerussa.cat\/index.php\/wp-json\/wp\/v2\/pages"}],"about":[{"href":"https:\/\/escacsmollerussa.cat\/index.php\/wp-json\/wp\/v2\/types\/page"}],"author":[{"embeddable":true,"href":"https:\/\/escacsmollerussa.cat\/index.php\/wp-json\/wp\/v2\/users\/1"}],"replies":[{"embeddable":true,"href":"https:\/\/escacsmollerussa.cat\/index.php\/wp-json\/wp\/v2\/comments?post=489"}],"version-history":[{"count":2,"href":"https:\/\/escacsmollerussa.cat\/index.php\/wp-json\/wp\/v2\/pages\/489\/revisions"}],"predecessor-version":[{"id":536,"href":"https:\/\/escacsmollerussa.cat\/index.php\/wp-json\/wp\/v2\/pages\/489\/revisions\/536"}],"wp:attachment":[{"href":"https:\/\/escacsmollerussa.cat\/index.php\/wp-json\/wp\/v2\/media?parent=489"}],"curies":[{"name":"wp","href":"https:\/\/api.w.org\/{rel}","templated":true}]}}