{"id":495,"date":"2025-03-30T11:51:50","date_gmt":"2025-03-30T09:51:50","guid":{"rendered":"http:\/\/escacsmollerussa.cat\/?page_id=495"},"modified":"2025-04-06T16:46:58","modified_gmt":"2025-04-06T14:46:58","slug":"la-nostra-escola-descacs","status":"publish","type":"page","link":"https:\/\/escacsmollerussa.cat\/index.php\/la-nostra-escola-descacs\/","title":{"rendered":"La nostra escola d&#8217;escacs"},"content":{"rendered":"<div class=\"wp-block-image\">\n<figure class=\"aligncenter size-full\"><img loading=\"lazy\" decoding=\"async\" width=\"497\" height=\"373\" src=\"https:\/\/escacsmollerussa.cat\/wp-content\/uploads\/2019\/05\/vw.esport.escacs.18.11.24.camp-mollerussa-08114125.jpeg\" alt=\"\" class=\"wp-image-62\" srcset=\"https:\/\/escacsmollerussa.cat\/wp-content\/uploads\/2019\/05\/vw.esport.escacs.18.11.24.camp-mollerussa-08114125.jpeg 497w, https:\/\/escacsmollerussa.cat\/wp-content\/uploads\/2019\/05\/vw.esport.escacs.18.11.24.camp-mollerussa-08114125-300x225.jpeg 300w\" sizes=\"auto, (max-width: 497px) 100vw, 497px\" \/><\/figure>\n<\/div>\n\n\n<p>El Club d\u2019Escacs Mollerussa va engegar un projecte d\u2019Escola d\u2019Escacs com a<strong> mecanisme de promoci\u00f3 i aprenentatge per a esportistes menors de 16 anys<\/strong>.<\/p>\n\n\n\n<p>El projecte contempla l\u2019<strong>estructuraci\u00f3 de la formaci\u00f3 en una etapa curricular de 5 anys<\/strong>, la seva execuci\u00f3 i implantaci\u00f3 esglaonada dins del club.<\/p>\n\n\n\n<p>En el curs actual&nbsp; tenim a l\u2019escola 58 d&#8217;alumnes distribu\u00efts en 14 grups.<\/p>\n\n\n\n<p>El pla d\u2019ensenyament de l\u2019escola est\u00e0 basat en la <strong>metodologia del Stappenmethode<\/strong>, reconeguda a nivell internacional.<\/p>\n\n\n\n<p>L\u2019any 2022 es va incorporat dins del projecte <strong>una plataforma digital Chessable<\/strong> per facilitar els entrenaments de forma individualitzada. La nova plataforma permet realitzar un seguiment personalitzat del progr\u00e9s i l\u2019evoluci\u00f3 de cadascun dels nostres jugadors\/es.<\/p>\n\n\n\n<p>L&#8217;escola es una activitat realitzada amb la col\u00b7laboraci\u00f3 de la<strong> Diputaci\u00f3 de Lleida.<\/strong><\/p>\n\n\n<div class=\"wp-block-image\">\n<figure class=\"aligncenter size-full is-resized\"><img loading=\"lazy\" decoding=\"async\" width=\"318\" height=\"159\" src=\"https:\/\/escacsmollerussa.cat\/wp-content\/uploads\/2025\/03\/Diputacio-de-Lleida.png\" alt=\"\" class=\"wp-image-496\" style=\"width:236px;height:auto\" srcset=\"https:\/\/escacsmollerussa.cat\/wp-content\/uploads\/2025\/03\/Diputacio-de-Lleida.png 318w, https:\/\/escacsmollerussa.cat\/wp-content\/uploads\/2025\/03\/Diputacio-de-Lleida-300x150.png 300w\" sizes=\"auto, (max-width: 318px) 100vw, 318px\" \/><\/figure>\n<\/div>\n\n\n<p><\/p>\n","protected":false},"excerpt":{"rendered":"<p>El Club d\u2019Escacs Mollerussa va engegar un projecte d\u2019Escola d\u2019Escacs com a mecanisme de promoci\u00f3 i aprenentatge per a esportistes menors de 16 anys. El projecte contempla l\u2019estructuraci\u00f3 de la formaci\u00f3 en una etapa curricular de 5 anys, la seva execuci\u00f3 i implantaci\u00f3 esglaonada dins del club. En el curs actual&nbsp; tenim a l\u2019escola 58 &hellip; <\/p>\n<p class=\"link-more\"><a href=\"https:\/\/escacsmollerussa.cat\/index.php\/la-nostra-escola-descacs\/\" class=\"more-link\">Continua llegint <span class=\"screen-reader-text\">\u00abLa nostra escola d&#8217;escacs\u00bb<\/span><\/a><\/p>\n","protected":false},"author":1,"featured_media":0,"parent":0,"menu_order":0,"comment_status":"closed","ping_status":"closed","template":"","meta":{"footnotes":""},"class_list":["post-495","page","type-page","status-publish","hentry"],"_links":{"self":[{"href":"https:\/\/escacsmollerussa.cat\/index.php\/wp-json\/wp\/v2\/pages\/495","targetHints":{"allow":["GET"]}}],"collection":[{"href":"https:\/\/escacsmollerussa.cat\/index.php\/wp-json\/wp\/v2\/pages"}],"about":[{"href":"https:\/\/escacsmollerussa.cat\/index.php\/wp-json\/wp\/v2\/types\/page"}],"author":[{"embeddable":true,"href":"https:\/\/escacsmollerussa.cat\/index.php\/wp-json\/wp\/v2\/users\/1"}],"replies":[{"embeddable":true,"href":"https:\/\/escacsmollerussa.cat\/index.php\/wp-json\/wp\/v2\/comments?post=495"}],"version-history":[{"count":7,"href":"https:\/\/escacsmollerussa.cat\/index.php\/wp-json\/wp\/v2\/pages\/495\/revisions"}],"predecessor-version":[{"id":571,"href":"https:\/\/escacsmollerussa.cat\/index.php\/wp-json\/wp\/v2\/pages\/495\/revisions\/571"}],"wp:attachment":[{"href":"https:\/\/escacsmollerussa.cat\/index.php\/wp-json\/wp\/v2\/media?parent=495"}],"curies":[{"name":"wp","href":"https:\/\/api.w.org\/{rel}","templated":true}]}}