{"id":836,"date":"2025-04-22T21:11:20","date_gmt":"2025-04-22T19:11:20","guid":{"rendered":"https:\/\/escacsmollerussa.cat\/?page_id=836"},"modified":"2026-04-19T11:41:34","modified_gmt":"2026-04-19T09:41:34","slug":"noticies-anteriors","status":"publish","type":"page","link":"https:\/\/escacsmollerussa.cat\/index.php\/noticies-anteriors\/","title":{"rendered":"Not\u00edcies Anteriors"},"content":{"rendered":"\n<div class=\"wp-block-media-text is-stacked-on-mobile\"><figure class=\"wp-block-media-text__media\"><img loading=\"lazy\" decoding=\"async\" width=\"415\" height=\"409\" src=\"https:\/\/escacsmollerussa.cat\/wp-content\/uploads\/2026\/04\/laia-campi.jpg\" alt=\"\" class=\"wp-image-1611 size-full\" srcset=\"https:\/\/escacsmollerussa.cat\/wp-content\/uploads\/2026\/04\/laia-campi.jpg 415w, https:\/\/escacsmollerussa.cat\/wp-content\/uploads\/2026\/04\/laia-campi-300x296.jpg 300w, https:\/\/escacsmollerussa.cat\/wp-content\/uploads\/2026\/04\/laia-campi-100x100.jpg 100w\" sizes=\"auto, (max-width: 415px) 100vw, 415px\" \/><\/figure><div class=\"wp-block-media-text__content\">\n<p>Laia Bosch, Campiona d\u2019Espanya Sub-16 a ritme R\u00e0pid<\/p>\n\n\n\n<p>A la localitat de Don Benito, Badajoz, s\u2019han disputat els Campionats d\u2019Espanya d\u2019Escacs R\u00e0pids de Sub-8 a Sub-18.<br>I la <strong>Laia Bosch n\u2019ha estat la Campiona Femenina Sub-16<\/strong>!<\/p>\n<\/div><\/div>\n\n\n\n<div class=\"wp-block-media-text is-stacked-on-mobile\"><figure class=\"wp-block-media-text__media\"><img loading=\"lazy\" decoding=\"async\" width=\"1024\" height=\"768\" src=\"https:\/\/escacsmollerussa.cat\/wp-content\/uploads\/2025\/12\/foto-de-grup-1024x768.jpg\" alt=\"\" class=\"wp-image-1412 size-full\" srcset=\"https:\/\/escacsmollerussa.cat\/wp-content\/uploads\/2025\/12\/foto-de-grup-1024x768.jpg 1024w, https:\/\/escacsmollerussa.cat\/wp-content\/uploads\/2025\/12\/foto-de-grup-300x225.jpg 300w, https:\/\/escacsmollerussa.cat\/wp-content\/uploads\/2025\/12\/foto-de-grup-768x576.jpg 768w, https:\/\/escacsmollerussa.cat\/wp-content\/uploads\/2025\/12\/foto-de-grup-1536x1152.jpg 1536w, https:\/\/escacsmollerussa.cat\/wp-content\/uploads\/2025\/12\/foto-de-grup.jpg 1600w\" sizes=\"auto, (max-width: 706px) 89vw, (max-width: 767px) 82vw, 740px\" \/><\/figure><div class=\"wp-block-media-text__content\">\n<p>Campionat de Catalunya d\u2019Edats 2025<\/p>\n\n\n\n<p>Ha finalitzat el Campionat de Catalunya per Edats, que s\u2019ha disputat a Lloret de Mar del 12 al 17 d\u2019abril. El Club d\u2019Escacs Mollerussa hi ha participat amb 16 jugador.<br>En l\u2019apartat de resultats, destaquem la 5a posici\u00f3 absoluta del Jofre Dea, a la categoria Sub14, la 2a posici\u00f3 femenina (i 22a absoluta) a sub16 de la Laia Bosch, i la 9a posici\u00f3 del Jordi Llobet en el Sub-12, que ha estat la categoria amb m\u00e9s participants (125 en total i 9 del nostre club!), i una 5a posici\u00f3 en la Copa Promoci\u00f3 d\u2019equips sub-10 i sub-12.<\/p>\n<\/div><\/div>\n\n\n\n<div class=\"wp-block-media-text is-stacked-on-mobile\"><figure class=\"wp-block-media-text__media\"><img loading=\"lazy\" decoding=\"async\" width=\"748\" height=\"516\" src=\"https:\/\/escacsmollerussa.cat\/wp-content\/uploads\/2025\/06\/imatge-5.png\" alt=\"\" class=\"wp-image-1035 size-full\" srcset=\"https:\/\/escacsmollerussa.cat\/wp-content\/uploads\/2025\/06\/imatge-5.png 748w, https:\/\/escacsmollerussa.cat\/wp-content\/uploads\/2025\/06\/imatge-5-300x207.png 300w\" sizes=\"auto, (max-width: 706px) 89vw, (max-width: 767px) 82vw, 740px\" \/><\/figure><div class=\"wp-block-media-text__content\">\n<p>9 de Juny de 2025. <\/p>\n\n\n\n<p>5 Podis a la Final Catalana de Jocs Esportius Escolars i Guim Ricart Campi\u00f3 de la Categoria Alev\u00ed.<\/p>\n<\/div><\/div>\n\n\n\n<div class=\"wp-block-media-text is-stacked-on-mobile\"><figure class=\"wp-block-media-text__media\"><img loading=\"lazy\" decoding=\"async\" width=\"1024\" height=\"576\" src=\"https:\/\/escacsmollerussa.cat\/wp-content\/uploads\/2025\/06\/Sense-titol-1024x576.jpg\" alt=\"\" class=\"wp-image-1020 size-full\" srcset=\"https:\/\/escacsmollerussa.cat\/wp-content\/uploads\/2025\/06\/Sense-titol-1024x576.jpg 1024w, https:\/\/escacsmollerussa.cat\/wp-content\/uploads\/2025\/06\/Sense-titol-300x169.jpg 300w, https:\/\/escacsmollerussa.cat\/wp-content\/uploads\/2025\/06\/Sense-titol-768x432.jpg 768w, https:\/\/escacsmollerussa.cat\/wp-content\/uploads\/2025\/06\/Sense-titol-1536x864.jpg 1536w, https:\/\/escacsmollerussa.cat\/wp-content\/uploads\/2025\/06\/Sense-titol.jpg 2040w\" sizes=\"auto, (max-width: 706px) 89vw, (max-width: 767px) 82vw, 740px\" \/><\/figure><div class=\"wp-block-media-text__content\">\n<p>5 de Juny de 2025 &#8211; Laia Bosch amb la Selecci\u00f3 Catalana a Alcossebre<\/p>\n\n\n\n<p>Durant el cap de setmana passat es va celebrar el Festival d\u2019escacs Femen\u00ed d\u2019Alcossebre en el qual va participar la nostra jugadora Laia Bosch Carrera, dins de la selecci\u00f3 Sub-16.<br>L\u2019equip Catalunya A estava format per Laia Bosch, Laia Garcia, J\u00falia Mir\u00f3 i Ariadna Carrasco, i van aconseguir la 2a posici\u00f3 final.<\/p>\n<\/div><\/div>\n\n\n\n<div class=\"wp-block-media-text is-stacked-on-mobile\"><figure class=\"wp-block-media-text__media\"><img loading=\"lazy\" decoding=\"async\" width=\"665\" height=\"556\" src=\"https:\/\/escacsmollerussa.cat\/wp-content\/uploads\/2025\/06\/imatge.png\" alt=\"\" class=\"wp-image-1008 size-full\" srcset=\"https:\/\/escacsmollerussa.cat\/wp-content\/uploads\/2025\/06\/imatge.png 665w, https:\/\/escacsmollerussa.cat\/wp-content\/uploads\/2025\/06\/imatge-300x251.png 300w\" sizes=\"auto, (max-width: 665px) 100vw, 665px\" \/><\/figure><div class=\"wp-block-media-text__content\">\n<p><a href=\"https:\/\/escacsmollerussa.cat\/index.php\/2025\/06\/04\/festa-social-del-club-descacs-mollerussa\/\"><time datetime=\"2025-06-04T23:21:18+02:00\">4 de juny de 2025<\/time><\/a>  &#8211; Festa Social C.E. Mollerussa<\/p>\n\n\n\n<p>El passat diumenge 1 de juny, m\u00e9s de 50 membres i familiars del Club d\u2019Escacs Mollerussa v\u00e0rem celebrar un any m\u00e9s el nostre dinar social de \u201cfi de temporada\u201d. Un esdeveniment que cada any transcendeix el simple fet de compartir taula, per esdevenir una manifestaci\u00f3 viva de la import\u00e0ncia dels valors socials que impregnen aquesta entitat. M\u00e9s que un club esportiu, el Club d\u2019Escacs Mollerussa es destaca com una comunitat que fomenta la conviv\u00e8ncia, els valors socials, l\u2019aprenentatge mutu i el creixement personal.<\/p>\n<\/div><\/div>\n\n\n\n<h1 class=\"wp-block-heading\">Final de la Lliga Catalana Sub-12 a Amposta<\/h1>\n\n\n\n<p><em>Cr\u00f2nica de Josep Llu\u00eds Turuguet<\/em><\/p>\n\n\n\n<p>Aquest diumenge 1 de juny, l\u2019equip sub-12 del nostre club, format pel Jordi Turuguet, Biel<br>Bosch, Joan Torres i Inti Caicedo es va despla\u00e7ar a la capital del Montsi\u00e0 per jugar la<br>final sub-12 catalana.<br>El torneig tenia el format de play-off, de manera que la primera eliminat\u00f2ria ja decidia si<br>es lluitava pels 4 primers llocs o pell llocs del 5\u00e8 al 8\u00e8.<br>Dels 8 equips, quatre van ser considerats caps de s\u00e8rie (Amposta, AC Arm\u00e8nia, Gerunda<br>i Vilafranca) que havien de ser emparellats per sorteig amb els altres quatre (Olot,<br>Sitges, Riu S\u00e8nia i Mollerussa)<br>A la primera eliminat\u00f2ria ens toca el Gerunda i, tot i haver tingut partides igualades i amb<br>opcions, finalment vam caure derrotats per 3 \u2013 1.<br>Parada per dinar i un cop agafades forces guanyem als de Riu S\u00e8nia per 4 \u2013 0, ser\u00e0 que<br>ens va sentar b\u00e9 el dinar.<br>I la tercera ronda, per decidir el 5\u00e8 lloc, en toca jugar amb els de Vilafranca, que portaven<br>els elos m\u00e9s alts, per\u00f2 que van caure a la primera ronda amb el seri\u00f3s equip d\u2019Olot. Com<br>a la primera, despr\u00e8s de v\u00e0ries alternatives a les partides, tornem a perdre per 3 \u2013 1.<br>A t\u00edtol individual, l\u2019Inti va aconseguir guanyar les seves tres partides, mentre els altres<br>tres jugadors van guanyar una de les tres jugades.<br>A la final, l\u2019Associaci\u00f3 Cultural d\u2019Arm\u00e8nia i l\u2019Olot van jugar una final molt emocionant, tot<br>decidint-se en el primer tauler entre el David Karapetyan i la Laia Puigvert. Finalment el<br>guanyador va ser el David, tot donant-li el t\u00edtol al seu equip i portant-se un merescut<br>aplaudiment<\/p>\n\n\n\n<figure class=\"wp-block-image size-full\"><img loading=\"lazy\" decoding=\"async\" width=\"1024\" height=\"926\" src=\"https:\/\/escacsmollerussa.cat\/wp-content\/uploads\/2025\/07\/image-1-1024x926-1.png\" alt=\"\" class=\"wp-image-1073\" srcset=\"https:\/\/escacsmollerussa.cat\/wp-content\/uploads\/2025\/07\/image-1-1024x926-1.png 1024w, https:\/\/escacsmollerussa.cat\/wp-content\/uploads\/2025\/07\/image-1-1024x926-1-300x271.png 300w, https:\/\/escacsmollerussa.cat\/wp-content\/uploads\/2025\/07\/image-1-1024x926-1-768x695.png 768w\" sizes=\"auto, (max-width: 706px) 89vw, (max-width: 767px) 82vw, 740px\" \/><\/figure>\n\n\n\n<h1 class=\"wp-block-heading\">Finalitza el Circuit EnroCA\u2019T 24-25 &#8211; 5 de maig &#8217;25<\/h1>\n\n\n\n<p>Aquest cap de setmana s\u2019ha jugat la 8a jornada del Circuit EnroCA\u2019T, i amb ella acaba el campionat d\u2019aquesta temporada, d\u2019aquest Circuit organitzat pel Club d\u2019Escacs Mollerussa i el Consell Esportiu del Pla d\u2019Urgell, que aplega jugadors de la Comarca, per\u00f2 tamb\u00e9 de tota la prov\u00edncia, i alguns de fora.<\/p>\n\n\n\n<p>Fins a 164 jugadors, entre els quals m\u00e9s de 100 jugadors sense llic\u00e8ncia federativa i una cinquantena ja federats, que engloben unes 37 escoles diferents, han estat disputant al llarg de les 8 jornades (Mollerussa, Bellv\u00eds, Ivars d\u2019Urgell, Bell-lloc, Sidamon, Palau d\u2019Anglesola, Vilanova de Bellpuig i Fondarella) i han anat sumant punts per la classificaci\u00f3 general del Circuit.<\/p>\n\n\n\n<p>Tota la informaci\u00f3 del Circuit est\u00e0 disponible a l\u2019apartat corresponent del nostre web:<br><a href=\"https:\/\/escacsmollerussa.cat\/index.php\/circuit-enrocat\/\">https:\/\/escacsmollerussa.cat\/index.php\/circuit-enrocat\/<\/a><\/p>\n\n\n\n<p>Felicitem a tots els jugadors participants, i a continuaci\u00f3 us deixem el Quadre d\u2019Honor d\u2019aquesta Temporada!<br>Fins la propera!!<\/p>\n\n\n\n<figure class=\"wp-block-image\"><img loading=\"lazy\" decoding=\"async\" width=\"734\" height=\"315\" src=\"https:\/\/escacsmollerussa.cat\/wp-content\/uploads\/2025\/05\/imagen.png\" alt=\"\" class=\"wp-image-911\" srcset=\"https:\/\/escacsmollerussa.cat\/wp-content\/uploads\/2025\/05\/imagen.png 734w, https:\/\/escacsmollerussa.cat\/wp-content\/uploads\/2025\/05\/imagen-300x129.png 300w\" sizes=\"auto, (max-width: 734px) 100vw, 734px\" \/><\/figure>\n\n\n\n<figure class=\"wp-block-image\"><img loading=\"lazy\" decoding=\"async\" width=\"735\" height=\"315\" src=\"https:\/\/escacsmollerussa.cat\/wp-content\/uploads\/2025\/05\/imagen-1.png\" alt=\"\" class=\"wp-image-912\" srcset=\"https:\/\/escacsmollerussa.cat\/wp-content\/uploads\/2025\/05\/imagen-1.png 735w, https:\/\/escacsmollerussa.cat\/wp-content\/uploads\/2025\/05\/imagen-1-300x129.png 300w\" sizes=\"auto, (max-width: 735px) 100vw, 735px\" \/><\/figure>\n\n\n\n<figure class=\"wp-block-image\"><img loading=\"lazy\" decoding=\"async\" width=\"731\" height=\"271\" src=\"https:\/\/escacsmollerussa.cat\/wp-content\/uploads\/2025\/05\/imagen-2.png\" alt=\"\" class=\"wp-image-913\" srcset=\"https:\/\/escacsmollerussa.cat\/wp-content\/uploads\/2025\/05\/imagen-2.png 731w, https:\/\/escacsmollerussa.cat\/wp-content\/uploads\/2025\/05\/imagen-2-300x111.png 300w\" sizes=\"auto, (max-width: 731px) 100vw, 731px\" \/><\/figure>\n\n\n\n<h1 class=\"wp-block-heading\">El club signa un conveni de col\u00b7laboraci\u00f3 amb l\u2019ACUDAM<\/h1>\n\n\n\n<div class=\"wp-block-media-text is-stacked-on-mobile\"><figure class=\"wp-block-media-text__media\"><img loading=\"lazy\" decoding=\"async\" width=\"225\" height=\"225\" src=\"https:\/\/escacsmollerussa.cat\/wp-content\/uploads\/2025\/06\/image-5.png\" alt=\"\" class=\"wp-image-1061 size-full\" srcset=\"https:\/\/escacsmollerussa.cat\/wp-content\/uploads\/2025\/06\/image-5.png 225w, https:\/\/escacsmollerussa.cat\/wp-content\/uploads\/2025\/06\/image-5-150x150.png 150w, https:\/\/escacsmollerussa.cat\/wp-content\/uploads\/2025\/06\/image-5-100x100.png 100w\" sizes=\"auto, (max-width: 225px) 100vw, 225px\" \/><\/figure><div class=\"wp-block-media-text__content\">\n<p>El passat dimecres 26 de mar\u00e7 es va signar un conveni de col\u00b7laboraci\u00f3 entre l\u2019ACUDAM de Mollerussa i el nostre club amb l\u2019objectiu general ser\u00e0 el de contribuir a la inclusi\u00f3 de les persones amb DID i millorar aix\u00ed la seva qualitat de vida.<\/p>\n\n\n\n<p>Inicialment s\u2019impartiran classes a un col\u00b7lectiu redu\u00eft d\u2019usuaris de l\u2019ACUDAM i es realitzaran activitats promocionals al centre per incrementar el nombre de participants en la col\u00b7laboraci\u00f3.<\/p>\n<\/div><\/div>\n\n\n\n<div class=\"wp-block-media-text is-stacked-on-mobile\"><figure class=\"wp-block-media-text__media\"><img loading=\"lazy\" decoding=\"async\" width=\"1024\" height=\"460\" src=\"https:\/\/escacsmollerussa.cat\/wp-content\/uploads\/2025\/04\/Copa-Catalana-Abril-25-1024x460.jpg\" alt=\"\" class=\"wp-image-859 size-full\" srcset=\"https:\/\/escacsmollerussa.cat\/wp-content\/uploads\/2025\/04\/Copa-Catalana-Abril-25-1024x460.jpg 1024w, https:\/\/escacsmollerussa.cat\/wp-content\/uploads\/2025\/04\/Copa-Catalana-Abril-25-300x135.jpg 300w, https:\/\/escacsmollerussa.cat\/wp-content\/uploads\/2025\/04\/Copa-Catalana-Abril-25-768x345.jpg 768w, https:\/\/escacsmollerussa.cat\/wp-content\/uploads\/2025\/04\/Copa-Catalana-Abril-25.jpg 1428w\" sizes=\"auto, (max-width: 706px) 89vw, (max-width: 767px) 82vw, 740px\" \/><\/figure><div class=\"wp-block-media-text__content\">\n<p>4 equips i 16 jugadors! han estat els representants del C.E. Mollerussa a la Final de la Copa Catalana que s\u2019ha disputat aquest diumenge 27 d\u2019abril, a Castell d\u2019Aro (Baix Empord\u00e0).<br>El Mollerussa ha estat el club de tot Catalunya amb m\u00e9s equips a la Final!<br>Aquests 4 equips van classificar-se durant la Copa de Lleida (Bellpuig, gener \u201925), quedant Campions o Sub-campions de la prov\u00edncia, en les seves respectives categories.<br>La competici\u00f3, a 9 rondes de 15\u2019+5\u2033, jugant mat\u00ed i tarda, ha estat molt exigent, tal com es preveia. Destaquen els 6 punts aconseguits pel Jordi Capdevila a 1a Cat, tamb\u00e9 6 de la Laia Bosch a la 2a Divisi\u00f3 Catalana.<br>Per\u00f2 l\u2019\u00e8xit ja \u00e9s participar-hi! i ho hem passat molt b\u00e9 grans i petits!!<br>Enhorabona!!<\/p>\n<\/div><\/div>\n\n\n\n<p><\/p>\n\n\n\n<div class=\"wp-block-media-text is-stacked-on-mobile\"><figure class=\"wp-block-media-text__media\"><img loading=\"lazy\" decoding=\"async\" width=\"1024\" height=\"1024\" src=\"https:\/\/escacsmollerussa.cat\/wp-content\/uploads\/2025\/06\/Mollerussa-E-equip-contra-Palleja-C-1200x1200-1-1024x1024.jpg\" alt=\"\" class=\"wp-image-986 size-full\" srcset=\"https:\/\/escacsmollerussa.cat\/wp-content\/uploads\/2025\/06\/Mollerussa-E-equip-contra-Palleja-C-1200x1200-1-1024x1024.jpg 1024w, https:\/\/escacsmollerussa.cat\/wp-content\/uploads\/2025\/06\/Mollerussa-E-equip-contra-Palleja-C-1200x1200-1-300x300.jpg 300w, https:\/\/escacsmollerussa.cat\/wp-content\/uploads\/2025\/06\/Mollerussa-E-equip-contra-Palleja-C-1200x1200-1-150x150.jpg 150w, https:\/\/escacsmollerussa.cat\/wp-content\/uploads\/2025\/06\/Mollerussa-E-equip-contra-Palleja-C-1200x1200-1-768x768.jpg 768w, https:\/\/escacsmollerussa.cat\/wp-content\/uploads\/2025\/06\/Mollerussa-E-equip-contra-Palleja-C-1200x1200-1-100x100.jpg 100w, https:\/\/escacsmollerussa.cat\/wp-content\/uploads\/2025\/06\/Mollerussa-E-equip-contra-Palleja-C-1200x1200-1.jpg 1200w\" sizes=\"auto, (max-width: 706px) 89vw, (max-width: 767px) 82vw, 740px\" \/><\/figure><div class=\"wp-block-media-text__content\">\n<p><a href=\"https:\/\/escacsmollerussa.cat\/index.php\/2025\/04\/06\/classificat-per-les-semifinals-de-3a-categoria-catalana\/\"><time datetime=\"2025-04-06T16:56:51+02:00\">6 d&#8217;abril de <\/time><\/a>2025<\/p>\n\n\n\n<p>El nostre equip del Mollerussa E ha aconseguit<strong>&nbsp;classificar-se per les semifinals de la 3a Categoria Catalana<\/strong>&nbsp;despr\u00e9s d\u2019un meritori empat contra el Pallej\u00e0 E, per\u00f2 gr\u00e0cies a disponar d\u2019un millor desempat, aconseguir assolir la seg\u00fcent ronda.<\/p>\n\n\n\n<p>Moltes felicitats al Rosem, Biel, Joan i Ferran !!!<\/p>\n<\/div><\/div>\n\n\n\n<div class=\"wp-block-media-text is-stacked-on-mobile\"><figure class=\"wp-block-media-text__media\"><img loading=\"lazy\" decoding=\"async\" width=\"1024\" height=\"614\" src=\"https:\/\/escacsmollerussa.cat\/wp-content\/uploads\/2025\/06\/Jordi-Turuguet-2000x1200-1-1024x614.jpg\" alt=\"\" class=\"wp-image-984 size-full\" srcset=\"https:\/\/escacsmollerussa.cat\/wp-content\/uploads\/2025\/06\/Jordi-Turuguet-2000x1200-1-1024x614.jpg 1024w, https:\/\/escacsmollerussa.cat\/wp-content\/uploads\/2025\/06\/Jordi-Turuguet-2000x1200-1-300x180.jpg 300w, https:\/\/escacsmollerussa.cat\/wp-content\/uploads\/2025\/06\/Jordi-Turuguet-2000x1200-1-768x461.jpg 768w, https:\/\/escacsmollerussa.cat\/wp-content\/uploads\/2025\/06\/Jordi-Turuguet-2000x1200-1-1536x922.jpg 1536w, https:\/\/escacsmollerussa.cat\/wp-content\/uploads\/2025\/06\/Jordi-Turuguet-2000x1200-1.jpg 2000w\" sizes=\"auto, (max-width: 706px) 89vw, (max-width: 767px) 82vw, 740px\" \/><\/figure><div class=\"wp-block-media-text__content\">\n<p>El passat dissabte 5 d\u2019abril es va celebrar la 7a jornada de l\u2019EnroCA\u2019T al pavell\u00f3 municipal de Vilanova de Bellpuig.&nbsp; Va tenir una assist\u00e8ncia de 71 jugadors que suposa el r\u00e8cord de participaci\u00f3 de la competici\u00f3 des de la seva creaci\u00f3.<\/p>\n\n\n\n<p>Enhorabona a tots els participants i al campi\u00f3&nbsp;Jordi Turuguet del col\u00b7legi Vedruna de T\u00e0rrega.<\/p>\n<\/div><\/div>\n\n\n\n<div class=\"wp-block-media-text is-stacked-on-mobile\"><figure class=\"wp-block-media-text__media\"><img loading=\"lazy\" decoding=\"async\" width=\"596\" height=\"600\" src=\"https:\/\/escacsmollerussa.cat\/wp-content\/uploads\/2025\/05\/Noticia-Manyana-20250327-e1743326332759.png\" alt=\"\" class=\"wp-image-881 size-full\" srcset=\"https:\/\/escacsmollerussa.cat\/wp-content\/uploads\/2025\/05\/Noticia-Manyana-20250327-e1743326332759.png 596w, https:\/\/escacsmollerussa.cat\/wp-content\/uploads\/2025\/05\/Noticia-Manyana-20250327-e1743326332759-298x300.png 298w, https:\/\/escacsmollerussa.cat\/wp-content\/uploads\/2025\/05\/Noticia-Manyana-20250327-e1743326332759-150x150.png 150w, https:\/\/escacsmollerussa.cat\/wp-content\/uploads\/2025\/05\/Noticia-Manyana-20250327-e1743326332759-100x100.png 100w\" sizes=\"auto, (max-width: 596px) 100vw, 596px\" \/><\/figure><div class=\"wp-block-media-text__content\">\n<p>La premsa es fa ress\u00f2 de la pedrera del Mollerussa<\/p>\n\n\n\n<p>Us deixem l\u2019article publicat al diari La Manyana del passat dijous 27 de mar\u00e7 del 2025.<\/p>\n<\/div><\/div>\n\n\n\n<div class=\"wp-block-media-text is-stacked-on-mobile\"><figure class=\"wp-block-media-text__media\"><img loading=\"lazy\" decoding=\"async\" width=\"768\" height=\"1024\" src=\"https:\/\/escacsmollerussa.cat\/wp-content\/uploads\/2025\/03\/Jordi-Capdevila-3r-sub18-768x1024.jpg\" alt=\"\" class=\"wp-image-466 size-full\" srcset=\"https:\/\/escacsmollerussa.cat\/wp-content\/uploads\/2025\/03\/Jordi-Capdevila-3r-sub18-768x1024.jpg 768w, https:\/\/escacsmollerussa.cat\/wp-content\/uploads\/2025\/03\/Jordi-Capdevila-3r-sub18-225x300.jpg 225w, https:\/\/escacsmollerussa.cat\/wp-content\/uploads\/2025\/03\/Jordi-Capdevila-3r-sub18-1152x1536.jpg 1152w, https:\/\/escacsmollerussa.cat\/wp-content\/uploads\/2025\/03\/Jordi-Capdevila-3r-sub18.jpg 1536w\" sizes=\"auto, (max-width: 706px) 89vw, (max-width: 767px) 82vw, 740px\" \/><\/figure><div class=\"wp-block-media-text__content\">\n<p>Jordi Capdevila queda 3r classificat en el Campionat Sub18 de la D.T. Lleida<\/p>\n<\/div><\/div>\n\n\n\n<div class=\"wp-block-media-text is-stacked-on-mobile\"><figure class=\"wp-block-media-text__media\"><img loading=\"lazy\" decoding=\"async\" width=\"768\" height=\"1024\" src=\"https:\/\/escacsmollerussa.cat\/wp-content\/uploads\/2025\/03\/Laia-Bosch-Campiona-sub16-768x1024.jpg\" alt=\"\" class=\"wp-image-469 size-full\" srcset=\"https:\/\/escacsmollerussa.cat\/wp-content\/uploads\/2025\/03\/Laia-Bosch-Campiona-sub16-768x1024.jpg 768w, https:\/\/escacsmollerussa.cat\/wp-content\/uploads\/2025\/03\/Laia-Bosch-Campiona-sub16-225x300.jpg 225w, https:\/\/escacsmollerussa.cat\/wp-content\/uploads\/2025\/03\/Laia-Bosch-Campiona-sub16-1152x1536.jpg 1152w, https:\/\/escacsmollerussa.cat\/wp-content\/uploads\/2025\/03\/Laia-Bosch-Campiona-sub16.jpg 1536w\" sizes=\"auto, (max-width: 706px) 89vw, (max-width: 767px) 82vw, 740px\" \/><\/figure><div class=\"wp-block-media-text__content\">\n<p>El passat 22 de febrer la nostra jugador sub16 Laia Bosch va quedar Campiona Absoluta en el Campionat sub16 que s\u2019ha jugat a Sidamon durant els mesos de gener i febrer.<\/p>\n<\/div><\/div>\n\n\n\n<div class=\"wp-block-media-text is-stacked-on-mobile\"><figure class=\"wp-block-media-text__media\"><img loading=\"lazy\" decoding=\"async\" width=\"1024\" height=\"719\" src=\"https:\/\/escacsmollerussa.cat\/wp-content\/uploads\/2025\/03\/Podi-sub14-1024x719.jpg\" alt=\"\" class=\"wp-image-476 size-full\" srcset=\"https:\/\/escacsmollerussa.cat\/wp-content\/uploads\/2025\/03\/Podi-sub14-1024x719.jpg 1024w, https:\/\/escacsmollerussa.cat\/wp-content\/uploads\/2025\/03\/Podi-sub14-300x211.jpg 300w, https:\/\/escacsmollerussa.cat\/wp-content\/uploads\/2025\/03\/Podi-sub14-768x539.jpg 768w, https:\/\/escacsmollerussa.cat\/wp-content\/uploads\/2025\/03\/Podi-sub14.jpg 1322w\" sizes=\"auto, (max-width: 706px) 89vw, (max-width: 767px) 82vw, 740px\" \/><\/figure><div class=\"wp-block-media-text__content\">\n<p>El passat 22 de febrer el nostres jugadors sub14 Jofre Dea (campi\u00f3, Gen\u00eds Giribet (sots campi\u00f3) i Aleix Beas ( 3r classificat) van ocupar totes les posicions de podi en el Campionat sub14 que s&#8217;ha jugat a Sidamon durant els mesos de gener i febrer.<\/p>\n<\/div><\/div>\n\n\n\n<div class=\"wp-block-media-text is-stacked-on-mobile\"><figure class=\"wp-block-media-text__media\"><img loading=\"lazy\" decoding=\"async\" width=\"1024\" height=\"769\" src=\"https:\/\/escacsmollerussa.cat\/wp-content\/uploads\/2025\/03\/Podi-sub12-1024x769.jpg\" alt=\"\" class=\"wp-image-473 size-full\" srcset=\"https:\/\/escacsmollerussa.cat\/wp-content\/uploads\/2025\/03\/Podi-sub12-1024x769.jpg 1024w, https:\/\/escacsmollerussa.cat\/wp-content\/uploads\/2025\/03\/Podi-sub12-300x225.jpg 300w, https:\/\/escacsmollerussa.cat\/wp-content\/uploads\/2025\/03\/Podi-sub12-768x576.jpg 768w, https:\/\/escacsmollerussa.cat\/wp-content\/uploads\/2025\/03\/Podi-sub12-1536x1153.jpg 1536w, https:\/\/escacsmollerussa.cat\/wp-content\/uploads\/2025\/03\/Podi-sub12.jpg 1600w\" sizes=\"auto, (max-width: 706px) 89vw, (max-width: 767px) 82vw, 740px\" \/><\/figure><div class=\"wp-block-media-text__content\">\n<p>El passat 1 de febrer el nostres jugadors sub12 Jordi Llobet (campi\u00f3, Guim Ricart (sots campi\u00f3)i Joan Torres ( 3r classificat) van ocupar totes les posicions de podi en el Campionat sub12 que s&#8217;ha jugat a Sidamon durant els mesos de gener i febrer.<\/p>\n<\/div><\/div>\n","protected":false},"excerpt":{"rendered":"<p>Laia Bosch, Campiona d\u2019Espanya Sub-16 a ritme R\u00e0pid A la localitat de Don Benito, Badajoz, s\u2019han disputat els Campionats d\u2019Espanya d\u2019Escacs R\u00e0pids de Sub-8 a Sub-18.I la Laia Bosch n\u2019ha estat la Campiona Femenina Sub-16! Campionat de Catalunya d\u2019Edats 2025 Ha finalitzat el Campionat de Catalunya per Edats, que s\u2019ha disputat a Lloret de Mar &hellip; <\/p>\n<p class=\"link-more\"><a href=\"https:\/\/escacsmollerussa.cat\/index.php\/noticies-anteriors\/\" class=\"more-link\">Continua llegint <span class=\"screen-reader-text\">\u00abNot\u00edcies Anteriors\u00bb<\/span><\/a><\/p>\n","protected":false},"author":1,"featured_media":0,"parent":0,"menu_order":0,"comment_status":"closed","ping_status":"closed","template":"","meta":{"footnotes":""},"class_list":["post-836","page","type-page","status-publish","hentry"],"_links":{"self":[{"href":"https:\/\/escacsmollerussa.cat\/index.php\/wp-json\/wp\/v2\/pages\/836","targetHints":{"allow":["GET"]}}],"collection":[{"href":"https:\/\/escacsmollerussa.cat\/index.php\/wp-json\/wp\/v2\/pages"}],"about":[{"href":"https:\/\/escacsmollerussa.cat\/index.php\/wp-json\/wp\/v2\/types\/page"}],"author":[{"embeddable":true,"href":"https:\/\/escacsmollerussa.cat\/index.php\/wp-json\/wp\/v2\/users\/1"}],"replies":[{"embeddable":true,"href":"https:\/\/escacsmollerussa.cat\/index.php\/wp-json\/wp\/v2\/comments?post=836"}],"version-history":[{"count":24,"href":"https:\/\/escacsmollerussa.cat\/index.php\/wp-json\/wp\/v2\/pages\/836\/revisions"}],"predecessor-version":[{"id":1613,"href":"https:\/\/escacsmollerussa.cat\/index.php\/wp-json\/wp\/v2\/pages\/836\/revisions\/1613"}],"wp:attachment":[{"href":"https:\/\/escacsmollerussa.cat\/index.php\/wp-json\/wp\/v2\/media?parent=836"}],"curies":[{"name":"wp","href":"https:\/\/api.w.org\/{rel}","templated":true}]}}