{"id":874,"date":"2025-05-02T18:46:11","date_gmt":"2025-05-02T16:46:11","guid":{"rendered":"https:\/\/escacsmollerussa.cat\/?page_id=874"},"modified":"2025-05-02T18:46:11","modified_gmt":"2025-05-02T16:46:11","slug":"circuit-descacs-rapids-territorial-de-lleida-2025","status":"publish","type":"page","link":"https:\/\/escacsmollerussa.cat\/index.php\/circuit-descacs-rapids-territorial-de-lleida-2025\/","title":{"rendered":"Circuit d\u2019Escacs R\u00e0pids Territorial de Lleida 2025"},"content":{"rendered":"\n<p>Enlla\u00e7 a la Circular de la Federaci\u00f3 Catalana:<br><a href=\"https:\/\/escacs.cat\/index.php\/publicacions\/circulars\/circulars-lleida\/30301-circular-lle-09-2025-bases-circuit-d-escacs-rapids-territorial-de-lleida-2025\">Circular LLE 09\/2025 Bases Circuit d\u2019Escacs R\u00e0pids Territorial de Lleida 2025<\/a><\/p>\n\n\n\n<p>Enlla\u00e7 al Calendari i Classificaci\u00f3:<br><a href=\"https:\/\/docs.google.com\/spreadsheets\/d\/11Jq6J5T9faLiHNWoSwKVIFag2GLYrmjQN9bZpLSwclw\/edit?gid=598151216#gid=598151216\">CIRCUIT RAPIDES LLEIDA 2025 &#8211; Fulls de c\u00e0lcul de Google<\/a><\/p>\n","protected":false},"excerpt":{"rendered":"<p>Enlla\u00e7 a la Circular de la Federaci\u00f3 Catalana:Circular LLE 09\/2025 Bases Circuit d\u2019Escacs R\u00e0pids Territorial de Lleida 2025 Enlla\u00e7 al Calendari i Classificaci\u00f3:CIRCUIT RAPIDES LLEIDA 2025 &#8211; Fulls de c\u00e0lcul de Google<\/p>\n","protected":false},"author":1,"featured_media":0,"parent":0,"menu_order":0,"comment_status":"closed","ping_status":"closed","template":"","meta":{"footnotes":""},"class_list":["post-874","page","type-page","status-publish","hentry"],"_links":{"self":[{"href":"https:\/\/escacsmollerussa.cat\/index.php\/wp-json\/wp\/v2\/pages\/874","targetHints":{"allow":["GET"]}}],"collection":[{"href":"https:\/\/escacsmollerussa.cat\/index.php\/wp-json\/wp\/v2\/pages"}],"about":[{"href":"https:\/\/escacsmollerussa.cat\/index.php\/wp-json\/wp\/v2\/types\/page"}],"author":[{"embeddable":true,"href":"https:\/\/escacsmollerussa.cat\/index.php\/wp-json\/wp\/v2\/users\/1"}],"replies":[{"embeddable":true,"href":"https:\/\/escacsmollerussa.cat\/index.php\/wp-json\/wp\/v2\/comments?post=874"}],"version-history":[{"count":1,"href":"https:\/\/escacsmollerussa.cat\/index.php\/wp-json\/wp\/v2\/pages\/874\/revisions"}],"predecessor-version":[{"id":876,"href":"https:\/\/escacsmollerussa.cat\/index.php\/wp-json\/wp\/v2\/pages\/874\/revisions\/876"}],"wp:attachment":[{"href":"https:\/\/escacsmollerussa.cat\/index.php\/wp-json\/wp\/v2\/media?parent=874"}],"curies":[{"name":"wp","href":"https:\/\/api.w.org\/{rel}","templated":true}]}}